{"id":387,"date":"2022-01-12T22:17:57","date_gmt":"2022-01-12T21:17:57","guid":{"rendered":"https:\/\/bellanger-dm.fr\/test\/?page_id=387"},"modified":"2022-01-12T22:17:58","modified_gmt":"2022-01-12T21:17:58","slug":"confidentialite","status":"publish","type":"page","link":"https:\/\/bellanger-dm.fr\/index.php\/confidentialite\/","title":{"rendered":"Confidentialite\u0301"},"content":{"rendered":"\n<p id=\"u304-2\">Donn\u00e9es personnelles de Bellanger Design et Menuiserie respect de la vie priv\u00e9e<\/p>\n\n\n\n<p>Pour toute information ou exercice de vos droits Informatique et Libert\u00e9s et RGPD sur les traitements de donn\u00e9es personnelles g\u00e9r\u00e9es par Bellanger Design et Menuiserie, vous pouvez contacter son responsable :<\/p>\n\n\n\n<p>Soit par ce formulaire (mettre lien sur la page formulaire le cas \u00e9ch\u00e9ant) ou mettre adresse mail si pas de formulaire de contact<\/p>\n\n\n\n<p>Soit par courrier sign\u00e9 accompagn\u00e9 de la copie de votre carte d\u2019identit\u00e9 recto verso \u00e0 l\u2019adresse suivante : Bellanger \u2013 35 rue du Petit Boissy \u2013 60390 PORCHEUX<\/p>\n\n\n\n<p>Bellanger Design et Menuiserie s\u2019engage \u00e0 ce que la collecte et le traitement de vos donn\u00e9es, effectu\u00e9s \u00e0 partir du site www.bellanger-dm.fr soient conformes au r\u00e8glement g\u00e9n\u00e9ral sur la protection des donn\u00e9es (RGPD) et \u00e0 la loi Informatique et Libert\u00e9s.<\/p>\n\n\n\n<p>Il vous est possible de visiter le site de www.bellanger-dm.fr sans communiquer d\u2019informations personnelles vous concernant. Vous n\u2019\u00eates en aucune fa\u00e7on oblig\u00e9s de transmettre ces informations \u00e0 www.bellanger-dm.fr<\/p>\n\n\n\n<p id=\"u304-15\">Vos droits concernant vos donn\u00e9es conform\u00e9ment au RGPD<\/p>\n\n\n\n<p>Vous disposez du droit d\u2019acc\u00e8s aux donn\u00e9es vous concernant, mais aussi de modification, de suppression ou d\u2019opposition \u00e0 ce que vos donn\u00e9es soient transmises ainsi que du droit de limitation du traitement (suspendre un traitement le temps qu\u2019une v\u00e9rification puisse avoir lieu)<\/p>\n\n\n\n<p>Introduire une r\u00e9clamation aupr\u00e8s de la CNIL(www.cnil.fr)<\/p>\n\n\n\n<p>Droit de portabilit\u00e9 : Droit d\u2019obtenir que vos donn\u00e9es \u00e0 caract\u00e8re personnel vous soient transmises dans un format lisible (Word, Excel, Open office), ou \u00e0 un autre partenaire.<\/p>\n\n\n\n<p>Droit de d\u00e9finir des directives relatives au sort de vos donn\u00e9es \u00e0 caract\u00e8re personnel apr\u00e8s votre d\u00e9c\u00e8s.<\/p>\n\n\n\n<p>En l\u2019absence de directives, vos h\u00e9ritiers peuvent apr\u00e8s votre d\u00e9c\u00e8s exercer les droits sur vos donn\u00e9es personnelles.<\/p>\n\n\n\n<p id=\"u304-28\">Donn\u00e9es personnelles collect\u00e9es<\/p>\n\n\n\n<p>Bellanger Design et Menuiserie peut \u00eatre amen\u00e9 \u00e0 collecter vos\u00a0 : nom, nom d\u2019entreprise, adresse postale, adresse email,\u00a0 num\u00e9ros de t\u00e9l\u00e9phone fixes et portables, donn\u00e9es de navigation, historique de commandes, centres d\u2019int\u00e9r\u00eats , \u00e9l\u00e9ments relatifs au suivi de votre commande.<\/p>\n\n\n\n<p id=\"u304-33\">Responsable du traitement des donn\u00e9es personnelles<\/p>\n\n\n\n<p>Bellanger David est responsable du traitement des donn\u00e9es personnelles. Il en est le gestionnaire.<\/p>\n\n\n\n<p>35 rue du Petit Boissy 60390 PORCHEUX \u2013 SIRET : 835 018 300 00011<\/p>\n\n\n\n<p>TEL : 06 12 83 08 56<\/p>\n\n\n\n<p id=\"u304-42\">Finalit\u00e9 de vos donn\u00e9es personnelles et moyens utilis\u00e9s pour les collecter<\/p>\n\n\n\n<p>Commande, Livraison, facturation, informations sur le suivi de commande, comptabilit\u00e9 client, service apr\u00e8s-vente dans le cadre de nos obligations contractuelles.<\/p>\n\n\n\n<p id=\"u304-47\">Communication commerciale avec votre consentement:<\/p>\n\n\n\n<p>Par t\u00e9l\u00e9phone, Mailing, e-mail, SMSing, Newsletter.<\/p>\n\n\n\n<p>Selon vos coordonn\u00e9es laiss\u00e9es sur les formulaires de contact du\u00a0 site Internet de www.bellanger-dm.fr\u00a0 et \u00e0 la cr\u00e9ation de votre compte clients, facturation, et contacts de prospection.<\/p>\n\n\n\n<p>Bellanger Design et Menuiserie agit de sorte \u00e0 ce que la collecte soit loyale et transparente conform\u00e9ment \u00e0 la RGPD.<\/p>\n\n\n\n<p>Vous pouvez vous opposer \u00e0 cette utilisation imm\u00e9diatement en le signalant au moment de la collecte de vos donn\u00e9es ou plus tard en exer\u00e7ant votre droit RGPD.<\/p>\n\n\n\n<p>Vous pouvez gratuitement vous inscrire sur une liste d\u2019opposition au d\u00e9marchage t\u00e9l\u00e9phonique sur le site www.bloctel.gouv.fr.<\/p>\n\n\n\n<p id=\"u304-60\">Droits vis-\u00e0-vis de vos donn\u00e9es<\/p>\n\n\n\n<p>Vous voulez vous d\u00e9sabonner des newletters : En bas de chaque newsletter envoy\u00e9e, se trouve une mention vous permettant de vous d\u00e9sabonner au travers d\u2019un lien mis \u00e0 votre disposition.<\/p>\n\n\n\n<p>Vous d\u00e9sabonner des mailings : Ecrivez \u00e0 : Bellanger Design et Menuiserie envoyez un mail via le formulaire de contact.<\/p>\n\n\n\n<p>En bas de chaque email\u00a0 envoy\u00e9, se trouve une mention r\u00e9capitulant vos droits et la possibilit\u00e9 de vous d\u00e9sabonner au travers d\u2019un lien mis \u00e0 votre disposition.<\/p>\n\n\n\n<p>Notez qu\u2019il y aura un laps de temps entre la demande d\u2019arr\u00eat et l\u2019activation, trente jours maximum<\/p>\n\n\n\n<p>En ce qui concerne la publicit\u00e9 cibl\u00e9e sur les r\u00e9seaux sociaux (par exemple Facebook, LinkedIn): vous pouvez vous opposer \u00e0 tout moment \u00e0 ce traitement en configurant les param\u00e8tres relatifs \u00e0 la publicit\u00e9 de votre compte.<\/p>\n\n\n\n<p><strong>A propos des cookies<\/strong><\/p>\n\n\n\n<p id=\"u304-76\">Qu\u2019est-ce qu\u2019un \u00ab\u00a0cookie\u00a0\u00bb ?<\/p>\n\n\n\n<p>Un \u00ab\u00a0cookie\u00a0\u00bb est un fichier de taille limit\u00e9e, g\u00e9n\u00e9ralement constitu\u00e9 de lettres et de chiffres, envoy\u00e9 par le serveur internet au fichier cookie du navigateur situ\u00e9 sur le disque dur de votre ordinateur, votre tablette, smartphone.<\/p>\n\n\n\n<p>Notre site utilise des cookies pour personnaliser les contenus et les publicit\u00e9s, effectuer le suivi des visites sur notre site, pour l\u2019affichage des boutons de partage et aux remont\u00e9es de contenus des plateformes sociales. En cliquant sur le bouton \u00ab accepter \u00bb ou\u00a0 refuser \u00bb les cookies vous pouvez donner votre accord ou refuser. Vous pouvez changer d\u2019avis et modifier vos choix \u00e0 tout moment<\/p>\n\n\n\n<p id=\"u304-83\">Fonctionnalit\u00e9s des cookies<\/p>\n\n\n\n<p>\u2022 Cookies fonctionnels :<\/p>\n\n\n\n<p>Ces cookies sont strictement indispensables pour vous permettre de naviguer sur le site et pour vous fournir certaines fonctionnalit\u00e9s que vous avez demand\u00e9es. Sans ces cookies, le site web ne pourrait fonctionner correctement et les services que vous demandez, tels que l\u2019acc\u00e8s \u00e0 des pages restreintes, ne pourraient vous \u00eatre propos\u00e9s.<\/p>\n\n\n\n<p>D\u00e8s que vous quittez le site web\/le navigateur, le cookie que nous avons g\u00e9n\u00e9r\u00e9 va dispara\u00eetre de votre terminal. L\u2019objectif n\u2019est pas de reconna\u00eetre votre appareil lors de vos consultations ult\u00e9rieures.<\/p>\n\n\n\n<p>\u2022 Cookies de mesure d\u2019audience :<\/p>\n\n\n\n<p>Ces cookies permettent de comprendre comment les visiteurs utilisent le site de fa\u00e7on \u00e0 l\u2019am\u00e9liorer. Ils collectent des informations sur l\u2019utilisation du site, par exemple les pages les plus consult\u00e9es ou les messages d\u2019erreur de ces pages. Ces cookies sont utilis\u00e9s pour am\u00e9liorer la mani\u00e8re dont le site fonctionne.<\/p>\n\n\n\n<p>Ces cookies ne permettent pas de vous identifier.<\/p>\n\n\n\n<p>\u2022 Cookies tiers de partage de contenu sur les r\u00e9seaux sociaux<\/p>\n\n\n\n<p>Ces cookies permettent l\u2019enregistrement de votre navigation et de vous identifier. Ils facilitent le partage du contenu du site sur les diff\u00e9rentes plateformes sociales ou de faire conna\u00eetre \u00e0 d\u2019autres personnes votre consultation ou votre opinion.<\/p>\n\n\n\n<p>\u2022 Cookies tiers de publicit\u00e9<\/p>\n\n\n\n<p>Ces cookies permettent d\u2019enrichir le site de contenu multim\u00e9dia et de visualiser les vid\u00e9os propos\u00e9es.<\/p>\n\n\n\n<p id=\"u304-106\">G\u00e9rer les Cookies<\/p>\n\n\n\n<p>Dans les pr\u00e9f\u00e9rences de votre navigateur ou de votre appareil mobile, vous pouvez \u00e0 tout moment d\u00e9sactiver certains cookies. Cela peut cependant modifier votre navigation sur Internet et sur le site. La m\u00e9thode de d\u00e9sactivation des cookies peut varier en fonction de l\u2019appareil et du navigateur, mais elle se trouve habituellement dans les rubriques Pr\u00e9f\u00e9rences ou Param\u00e8tres de s\u00e9curit\u00e9. Elle sera d\u00e9crite dans le menu d\u2019aide de votre navigateur.<\/p>\n\n\n\n<p>Le refus du d\u00e9p\u00f4t de cookies sociaux emp\u00eachera toute interaction avec les r\u00e9seaux sociaux. De m\u00eame, le refus du d\u00e9p\u00f4t de cookies publicitaires emp\u00eachera la visualisation des vid\u00e9os. En revanche, les cookies fonctionnels ne doivent pas \u00eatre bloqu\u00e9s car ils sont n\u00e9cessaires au fonctionnement du site.<\/p>\n\n\n\n<p id=\"u304-113\">Le param\u00e9trage de votre navigateur Internet<\/p>\n\n\n\n<p>Pour savoir comment modifier vos pr\u00e9f\u00e9rences en mati\u00e8re de cookies, vous trouvez ci-dessous les liens vers l\u2019aide n\u00e9cessaire pour acc\u00e9der au menu de votre navigateur<\/p>\n\n\n\n<p>Chrome : https:\/\/support.google.com\/chrome\/answer\/95647?hl=fr<\/p>\n\n\n\n<p>Firefox : https:\/\/support.mozilla.org\/fr\/kb\/activer-desactiver-cookies<\/p>\n\n\n\n<p>Internet\u00a0 Explorer : https:\/\/support.microsoft.com\/fr-fr\/help\/17442\/windows-internet-explorer-delete-manage-cookies#ie=ie-11<\/p>\n\n\n\n<p>Opera\u00a0 sous Mac : https:\/\/support.norton.com\/sp\/fr\/fr\/home\/current\/solutions\/v57840314_NortonM_Retail_1_fr_fr<\/p>\n\n\n\n<p>Safari : https:\/\/support.apple.com\/fr-fr\/HT201265<\/p>\n\n\n\n<p>Concernant les outils de ma\u00eetrise des cookies, vous pouvez consulter le site internet de la CNIL : https:\/\/www.cnil.fr\/fr\/cookies-les-outils-pour-les-maitriser.<\/p>\n\n\n\n<p>Nous utilisons diff\u00e9rents cookies sur le site pour am\u00e9liorer l\u2019interactivit\u00e9 du site. (Google Analytics pour la mesure d\u2019audience, E-monsite pour le fonctionnement du site, Googlemaps, Facebook,datr, stocke des infos pour facebook,bouton partage, Facebook pixel dans l\u2019\u00e9ventualit\u00e9 de publicit\u00e9s Facebook, cc_cookies-accept et cc_cookies_decline (pour savoir si le bandeau cookie a \u00e9t\u00e9 valid\u00e9 ou non), twitter (pour bouton partage twitter), Paypal (en cas d\u2019achats via Paypal), Monetize-me,rid,Stocke des infos pour monetize-me,publicit\u00e9 sur le site. cloudfare,cfduid,Stocke de s\u00e9curit\u00e9 de cloudfare, po.st,post_dcm,Stocke des infos pour po.st,bouton partage<\/p>\n\n\n\n<p id=\"u304-133\">S\u00e9curit\u00e9 de Stockage<\/p>\n\n\n\n<p>Pour pr\u00e9server la s\u00e9curit\u00e9 de vos donn\u00e9es, Bellanger Design et Menuiserie a mis en place toutes les mesures n\u00e9cessaires \u00e0 leur s\u00e9curisation informatique: Vos donn\u00e9es personnelles sont stock\u00e9es sur des ordinateurs, clefs ou disques durs crypt\u00e9s, accessibles uniquement au dirigeant, et pour les informations comptables, au cabinet comptable, lui-m\u00eame s\u00e9curis\u00e9.<\/p>\n\n\n\n<p>Sous-traitants : Expert comptable pour les informations n\u00e9cessaires \u00e0 l\u2019\u00e9tablissement de la comptabilit\u00e9 et SSI le cas \u00e9ch\u00e9ant.<\/p>\n\n\n\n<p id=\"u304-141\">Dur\u00e9e de conservation des donn\u00e9es<\/p>\n\n\n\n<p>5 ans \u00e0 compter de la fin de la relation commerciale ou du dernier contact.<\/p>\n\n\n\n<p>Au terme de ce d\u00e9lai, nous reprendrons contact avec vous afin de savoir si vous souhaitez continuer \u00e0 recevoir des sollicitations commerciales. En l\u2019absence de r\u00e9ponse positive et explicite de votre part, vos\u00a0 donn\u00e9es seront supprim\u00e9es ou archiv\u00e9es.<\/p>\n\n\n\n<p><strong>Enregistrement des candidatures envoy\u00e9es par mail<\/strong>, courrier, Facebook: Les donn\u00e9es sont automatiquement d\u00e9truites sous 15j<\/p>\n\n\n\n<p>David Bellanger est le correspondant informatique et libert\u00e9 en charge de la conformit\u00e9 des traitements et des collectes\u00a0 de donn\u00e9es. Il assure l\u2019exercice des droits d\u2019acc\u00e8s, de rectification et de suppression vous concernant.<\/p>\n\n\n\n<p id=\"u304-154\">Transfert Hors Union Europ\u00e9enne : Aucun.<\/p>\n","protected":false},"excerpt":{"rendered":"<p>Donn\u00e9es personnelles de Bellanger Design et Menuiserie respect de la vie priv\u00e9e Pour toute information ou exercice de vos droits Informatique et Libert\u00e9s et RGPD sur les traitements de donn\u00e9es personnelles g\u00e9r\u00e9es par Bellanger Design et Menuiserie, vous pouvez contacter son responsable : Soit par ce formulaire (mettre lien sur la page formulaire le cas [&hellip;]<\/p>\n","protected":false},"author":1,"featured_media":0,"parent":0,"menu_order":0,"comment_status":"closed","ping_status":"closed","template":"","meta":{"pgc_sgb_lightbox_settings":"","footnotes":""},"class_list":["post-387","page","type-page","status-publish","hentry"],"_links":{"self":[{"href":"https:\/\/bellanger-dm.fr\/index.php\/wp-json\/wp\/v2\/pages\/387","targetHints":{"allow":["GET"]}}],"collection":[{"href":"https:\/\/bellanger-dm.fr\/index.php\/wp-json\/wp\/v2\/pages"}],"about":[{"href":"https:\/\/bellanger-dm.fr\/index.php\/wp-json\/wp\/v2\/types\/page"}],"author":[{"embeddable":true,"href":"https:\/\/bellanger-dm.fr\/index.php\/wp-json\/wp\/v2\/users\/1"}],"replies":[{"embeddable":true,"href":"https:\/\/bellanger-dm.fr\/index.php\/wp-json\/wp\/v2\/comments?post=387"}],"version-history":[{"count":1,"href":"https:\/\/bellanger-dm.fr\/index.php\/wp-json\/wp\/v2\/pages\/387\/revisions"}],"predecessor-version":[{"id":388,"href":"https:\/\/bellanger-dm.fr\/index.php\/wp-json\/wp\/v2\/pages\/387\/revisions\/388"}],"wp:attachment":[{"href":"https:\/\/bellanger-dm.fr\/index.php\/wp-json\/wp\/v2\/media?parent=387"}],"curies":[{"name":"wp","href":"https:\/\/api.w.org\/{rel}","templated":true}]}}